{"id":2514,"date":"2015-04-06T09:51:16","date_gmt":"2015-04-06T09:51:16","guid":{"rendered":"http:\/\/mancusoavocat.be\/home-version-2\/?lang=it"},"modified":"2023-09-21T18:20:13","modified_gmt":"2023-09-21T17:20:13","slug":"home-version-2","status":"publish","type":"page","link":"https:\/\/mancusoavocat.be\/it\/","title":{"rendered":"Presentazione"},"content":{"rendered":"<section class=\"wpb-content-wrapper\"><p>[vc_row css=&#8221;.vc_custom_1695316806323{padding-top: 40px !important;}&#8221;][vc_column][vc_custom_heading text=&#8221;PRESENTAZIONE&#8221; font_container=&#8221;tag:h2|text_align:center|color:%23222222&#8243; google_fonts=&#8221;font_family:Open%20Sans%3A300%2C300italic%2Cregular%2Citalic%2C600%2C600italic%2C700%2C700italic%2C800%2C800italic|font_style:600%20bold%20regular%3A600%3Anormal&#8221;][vc_column_text]<\/p>\n<p style=\"text-align: center;\">L&#8217;avv. Maria Mancuso \u00e8 titolare di una laurea in giurisprudenza conseguita presso l&#8217;Universit\u00e0 catholica di Louvain-la-Neuve nel 2008. Dopo un erasmus presso la Vrije Universiteit van Brussel, ha subito iniziato l\u2019attivit\u00e0 legale, e da allora si \u00e8 sempre occupata della tutela dei diritti in generale sia dei singoli che delle imprese.<br \/>\nE&#8217; iscritta all&#8217;ordine degli avvocati di Bruxelles.<br \/>\nLa pluriennale esperienza dello Studio Legale Mancuso \u00e8 la garanzia di un&#8217;azione legale seria ed efficace.<br \/>\nSi occupa di assistenza e consulenza, tanto in ambito giudiziale che stragiudiziale per le persone fisiche, enti e societ\u00e0<\/p>\n<p>[\/vc_column_text][\/vc_column][\/vc_row]<\/p>\n<\/section>","protected":false},"excerpt":{"rendered":"<p>[vc_row css=&#8221;.vc_custom_1695316806323{padding-top: 40px !important;}&#8221;][vc_column][vc_custom_heading text=&#8221;PRESENTAZIONE&#8221; font_container=&#8221;tag:h2|text_align:center|color:%23222222&#8243; google_fonts=&#8221;font_family:Open%20Sans%3A300%2C300italic%2Cregular%2Citalic%2C600%2C600italic%2C700%2C700italic%2C800%2C800italic|font_style:600%20bold%20regular%3A600%3Anormal&#8221;][vc_column_text] L&#8217;avv. Maria Mancuso \u00e8 titolare di una laurea in giurisprudenza conseguita presso l&#8217;Universit\u00e0 catholica di Louvain-la-Neuve nel 2008. Dopo<span class=\"excerpt-hellip\"> [\u2026]<\/span><\/p>\n","protected":false},"author":3,"featured_media":0,"parent":0,"menu_order":0,"comment_status":"open","ping_status":"closed","template":"","meta":{"footnotes":""},"class_list":["post-2514","page","type-page","status-publish","hentry"],"yoast_head":"<!-- This site is optimized with the Yoast SEO plugin v26.3 - https:\/\/yoast.com\/wordpress\/plugins\/seo\/ -->\n<title>Maria mancuso | Cabinet d&#039;avocat \u00e0 Bruxelles, Cabinet d&#039;avocat \u00e0 Tubize, Avocat droit de commercial \u00e0 Bruxelles, Avocat Droit civil \u00e0 Tubize<\/title>\n<meta name=\"description\" content=\"Confiez vos affaires \u00e0 Maria MANCUSO avocat professionnel de droit commercial et droit des personnes elle vous propose ses services et son exp\u00e9rience pour d\u00e9fendre vos int\u00e9r\u00eats \u00e0 Bruxelles, tubize et ses environs\" \/>\n<meta name=\"robots\" content=\"index, follow, max-snippet:-1, max-image-preview:large, max-video-preview:-1\" \/>\n<link rel=\"canonical\" href=\"https:\/\/mancusoavocat.be\/it\/home-version-2\/\" \/>\n<meta property=\"og:locale\" content=\"it_IT\" \/>\n<meta property=\"og:type\" content=\"article\" \/>\n<meta property=\"og:title\" content=\"Maria mancuso | Cabinet d&#039;avocat \u00e0 Bruxelles, Cabinet d&#039;avocat \u00e0 Tubize, Avocat droit de commercial \u00e0 Bruxelles, Avocat Droit civil \u00e0 Tubize\" \/>\n<meta property=\"og:description\" content=\"Confiez vos affaires \u00e0 Maria MANCUSO avocat professionnel de droit commercial et droit des personnes elle vous propose ses services et son exp\u00e9rience pour d\u00e9fendre vos int\u00e9r\u00eats \u00e0 Bruxelles, tubize et ses environs\" \/>\n<meta property=\"og:url\" content=\"https:\/\/mancusoavocat.be\/it\/home-version-2\/\" \/>\n<meta property=\"og:site_name\" content=\"Maria Mancuso\" \/>\n<meta property=\"article:modified_time\" content=\"2023-09-21T17:20:13+00:00\" \/>\n<meta property=\"og:image\" content=\"https:\/\/mancusoavocat.be\/wp-content\/uploads\/2015\/11\/logosite.png\" \/>\n\t<meta property=\"og:image:width\" content=\"363\" \/>\n\t<meta property=\"og:image:height\" content=\"84\" \/>\n\t<meta property=\"og:image:type\" content=\"image\/png\" \/>\n<meta name=\"twitter:card\" content=\"summary_large_image\" \/>\n<meta name=\"twitter:label1\" content=\"Tempo di lettura stimato\" \/>\n\t<meta name=\"twitter:data1\" content=\"1 minuto\" \/>\n<script type=\"application\/ld+json\" class=\"yoast-schema-graph\">{\"@context\":\"https:\/\/schema.org\",\"@graph\":[{\"@type\":\"WebPage\",\"@id\":\"https:\/\/mancusoavocat.be\/it\/home-version-2\/\",\"url\":\"https:\/\/mancusoavocat.be\/it\/home-version-2\/\",\"name\":\"Maria mancuso | Cabinet d'avocat \u00e0 Bruxelles, Cabinet d'avocat \u00e0 Tubize, Avocat droit de commercial \u00e0 Bruxelles, Avocat Droit civil \u00e0 Tubize\",\"isPartOf\":{\"@id\":\"https:\/\/mancusoavocat.be\/nl\/#website\"},\"datePublished\":\"2015-04-06T09:51:16+00:00\",\"dateModified\":\"2023-09-21T17:20:13+00:00\",\"description\":\"Confiez vos affaires \u00e0 Maria MANCUSO avocat professionnel de droit commercial et droit des personnes elle vous propose ses services et son exp\u00e9rience pour d\u00e9fendre vos int\u00e9r\u00eats \u00e0 Bruxelles, tubize et ses environs\",\"breadcrumb\":{\"@id\":\"https:\/\/mancusoavocat.be\/it\/home-version-2\/#breadcrumb\"},\"inLanguage\":\"it-IT\",\"potentialAction\":[{\"@type\":\"ReadAction\",\"target\":[\"https:\/\/mancusoavocat.be\/it\/home-version-2\/\"]}]},{\"@type\":\"BreadcrumbList\",\"@id\":\"https:\/\/mancusoavocat.be\/it\/home-version-2\/#breadcrumb\",\"itemListElement\":[{\"@type\":\"ListItem\",\"position\":1,\"name\":\"Accueil\",\"item\":\"https:\/\/mancusoavocat.be\/it\/home-version-2\/\"},{\"@type\":\"ListItem\",\"position\":2,\"name\":\"Presentazione\"}]},{\"@type\":\"WebSite\",\"@id\":\"https:\/\/mancusoavocat.be\/nl\/#website\",\"url\":\"https:\/\/mancusoavocat.be\/nl\/\",\"name\":\"Maria Mancuso\",\"description\":\"Avocat - Advocaat - Avvocato - Attorney at law\",\"publisher\":{\"@id\":\"https:\/\/mancusoavocat.be\/nl\/#organization\"},\"potentialAction\":[{\"@type\":\"SearchAction\",\"target\":{\"@type\":\"EntryPoint\",\"urlTemplate\":\"https:\/\/mancusoavocat.be\/nl\/?s={search_term_string}\"},\"query-input\":{\"@type\":\"PropertyValueSpecification\",\"valueRequired\":true,\"valueName\":\"search_term_string\"}}],\"inLanguage\":\"it-IT\"},{\"@type\":\"Organization\",\"@id\":\"https:\/\/mancusoavocat.be\/nl\/#organization\",\"name\":\"Maria Mancuso\",\"url\":\"https:\/\/mancusoavocat.be\/nl\/\",\"logo\":{\"@type\":\"ImageObject\",\"inLanguage\":\"it-IT\",\"@id\":\"https:\/\/mancusoavocat.be\/nl\/#\/schema\/logo\/image\/\",\"url\":\"https:\/\/mancusoavocat.be\/wp-content\/uploads\/2015\/11\/logosite.png\",\"contentUrl\":\"https:\/\/mancusoavocat.be\/wp-content\/uploads\/2015\/11\/logosite.png\",\"width\":363,\"height\":84,\"caption\":\"Maria Mancuso\"},\"image\":{\"@id\":\"https:\/\/mancusoavocat.be\/nl\/#\/schema\/logo\/image\/\"}}]}<\/script>\n<!-- \/ Yoast SEO plugin. -->","yoast_head_json":{"title":"Maria mancuso | Cabinet d'avocat \u00e0 Bruxelles, Cabinet d'avocat \u00e0 Tubize, Avocat droit de commercial \u00e0 Bruxelles, Avocat Droit civil \u00e0 Tubize","description":"Confiez vos affaires \u00e0 Maria MANCUSO avocat professionnel de droit commercial et droit des personnes elle vous propose ses services et son exp\u00e9rience pour d\u00e9fendre vos int\u00e9r\u00eats \u00e0 Bruxelles, tubize et ses environs","robots":{"index":"index","follow":"follow","max-snippet":"max-snippet:-1","max-image-preview":"max-image-preview:large","max-video-preview":"max-video-preview:-1"},"canonical":"https:\/\/mancusoavocat.be\/it\/home-version-2\/","og_locale":"it_IT","og_type":"article","og_title":"Maria mancuso | Cabinet d'avocat \u00e0 Bruxelles, Cabinet d'avocat \u00e0 Tubize, Avocat droit de commercial \u00e0 Bruxelles, Avocat Droit civil \u00e0 Tubize","og_description":"Confiez vos affaires \u00e0 Maria MANCUSO avocat professionnel de droit commercial et droit des personnes elle vous propose ses services et son exp\u00e9rience pour d\u00e9fendre vos int\u00e9r\u00eats \u00e0 Bruxelles, tubize et ses environs","og_url":"https:\/\/mancusoavocat.be\/it\/home-version-2\/","og_site_name":"Maria Mancuso","article_modified_time":"2023-09-21T17:20:13+00:00","og_image":[{"width":363,"height":84,"url":"https:\/\/mancusoavocat.be\/wp-content\/uploads\/2015\/11\/logosite.png","type":"image\/png"}],"twitter_card":"summary_large_image","twitter_misc":{"Tempo di lettura stimato":"1 minuto"},"schema":{"@context":"https:\/\/schema.org","@graph":[{"@type":"WebPage","@id":"https:\/\/mancusoavocat.be\/it\/home-version-2\/","url":"https:\/\/mancusoavocat.be\/it\/home-version-2\/","name":"Maria mancuso | Cabinet d'avocat \u00e0 Bruxelles, Cabinet d'avocat \u00e0 Tubize, Avocat droit de commercial \u00e0 Bruxelles, Avocat Droit civil \u00e0 Tubize","isPartOf":{"@id":"https:\/\/mancusoavocat.be\/nl\/#website"},"datePublished":"2015-04-06T09:51:16+00:00","dateModified":"2023-09-21T17:20:13+00:00","description":"Confiez vos affaires \u00e0 Maria MANCUSO avocat professionnel de droit commercial et droit des personnes elle vous propose ses services et son exp\u00e9rience pour d\u00e9fendre vos int\u00e9r\u00eats \u00e0 Bruxelles, tubize et ses environs","breadcrumb":{"@id":"https:\/\/mancusoavocat.be\/it\/home-version-2\/#breadcrumb"},"inLanguage":"it-IT","potentialAction":[{"@type":"ReadAction","target":["https:\/\/mancusoavocat.be\/it\/home-version-2\/"]}]},{"@type":"BreadcrumbList","@id":"https:\/\/mancusoavocat.be\/it\/home-version-2\/#breadcrumb","itemListElement":[{"@type":"ListItem","position":1,"name":"Accueil","item":"https:\/\/mancusoavocat.be\/it\/home-version-2\/"},{"@type":"ListItem","position":2,"name":"Presentazione"}]},{"@type":"WebSite","@id":"https:\/\/mancusoavocat.be\/nl\/#website","url":"https:\/\/mancusoavocat.be\/nl\/","name":"Maria Mancuso","description":"Avocat - Advocaat - Avvocato - Attorney at law","publisher":{"@id":"https:\/\/mancusoavocat.be\/nl\/#organization"},"potentialAction":[{"@type":"SearchAction","target":{"@type":"EntryPoint","urlTemplate":"https:\/\/mancusoavocat.be\/nl\/?s={search_term_string}"},"query-input":{"@type":"PropertyValueSpecification","valueRequired":true,"valueName":"search_term_string"}}],"inLanguage":"it-IT"},{"@type":"Organization","@id":"https:\/\/mancusoavocat.be\/nl\/#organization","name":"Maria Mancuso","url":"https:\/\/mancusoavocat.be\/nl\/","logo":{"@type":"ImageObject","inLanguage":"it-IT","@id":"https:\/\/mancusoavocat.be\/nl\/#\/schema\/logo\/image\/","url":"https:\/\/mancusoavocat.be\/wp-content\/uploads\/2015\/11\/logosite.png","contentUrl":"https:\/\/mancusoavocat.be\/wp-content\/uploads\/2015\/11\/logosite.png","width":363,"height":84,"caption":"Maria Mancuso"},"image":{"@id":"https:\/\/mancusoavocat.be\/nl\/#\/schema\/logo\/image\/"}}]}},"_links":{"self":[{"href":"https:\/\/mancusoavocat.be\/it\/wp-json\/wp\/v2\/pages\/2514","targetHints":{"allow":["GET"]}}],"collection":[{"href":"https:\/\/mancusoavocat.be\/it\/wp-json\/wp\/v2\/pages"}],"about":[{"href":"https:\/\/mancusoavocat.be\/it\/wp-json\/wp\/v2\/types\/page"}],"author":[{"embeddable":true,"href":"https:\/\/mancusoavocat.be\/it\/wp-json\/wp\/v2\/users\/3"}],"replies":[{"embeddable":true,"href":"https:\/\/mancusoavocat.be\/it\/wp-json\/wp\/v2\/comments?post=2514"}],"version-history":[{"count":59,"href":"https:\/\/mancusoavocat.be\/it\/wp-json\/wp\/v2\/pages\/2514\/revisions"}],"predecessor-version":[{"id":3110,"href":"https:\/\/mancusoavocat.be\/it\/wp-json\/wp\/v2\/pages\/2514\/revisions\/3110"}],"wp:attachment":[{"href":"https:\/\/mancusoavocat.be\/it\/wp-json\/wp\/v2\/media?parent=2514"}],"curies":[{"name":"wp","href":"https:\/\/api.w.org\/{rel}","templated":true}]}}