{"id":2537,"date":"2015-11-10T11:20:08","date_gmt":"2015-11-10T10:20:08","guid":{"rendered":"http:\/\/mancusoavocat.be\/activites\/?lang=it"},"modified":"2023-09-21T18:18:18","modified_gmt":"2023-09-21T17:18:18","slug":"activites","status":"publish","type":"page","link":"https:\/\/mancusoavocat.be\/it\/activites\/","title":{"rendered":"Attivit\u00e0"},"content":{"rendered":"<section class=\"wpb-content-wrapper\"><p>[vc_row el_class=&#8221;list1&#8243; css=&#8221;.vc_custom_1695316692755{padding-top: 40px !important;}&#8221;][vc_column el_class=&#8221;list2&#8243;][vc_custom_heading text=&#8221;ATTIVIT\u00c0&#8221; font_container=&#8221;tag:h2|text_align:center|color:%23222222&#8243; google_fonts=&#8221;font_family:Open%20Sans%3A300%2C300italic%2Cregular%2Citalic%2C600%2C600italic%2C700%2C700italic%2C800%2C800italic|font_style:600%20bold%20regular%3A600%3Anormal&#8221;][vc_custom_heading text=&#8221;I principali settori di attivit\u00e0 professionale dell\u2019avvocato Mancuso sono :&#8221; font_container=&#8221;tag:h4|text_align:center&#8221; google_fonts=&#8221;font_family:Open%20Sans%3A300%2C300italic%2Cregular%2Citalic%2C600%2C600italic%2C700%2C700italic%2C800%2C800italic|font_style:300%20light%20regular%3A300%3Anormal&#8221; css=&#8221;.vc_custom_1447238030353{padding-right: 20% !important;padding-left: 20% !important;}&#8221;][vc_empty_space height=&#8221;15px&#8221;]<div class=\"list_item lists_1 clearfix\"><div class=\"list_left list_icon\"><i class=\"icon-book\" aria-hidden=\"true\"><\/i><\/div><div class=\"list_right\"><div class=\"desc\">Diritto civile (locazione, contrattuale, \u2026)<br \/>\n<\/div><\/div><\/div>\n<div class=\"list_item lists_1 clearfix\"><div class=\"list_left list_icon\"><i class=\"icon-book\" aria-hidden=\"true\"><\/i><\/div><div class=\"list_right\"><div class=\"desc\">Diritto di famiglia e successioni<br \/>\n<\/div><\/div><\/div>\n<div class=\"list_item lists_1 clearfix\"><div class=\"list_left list_icon\"><i class=\"icon-book\" aria-hidden=\"true\"><\/i><\/div><div class=\"list_right\"><div class=\"desc\">Diritto della circolazione stradale<br \/>\n<\/div><\/div><\/div>\n<div class=\"list_item lists_1 clearfix\"><div class=\"list_left list_icon\"><i class=\"icon-book\" aria-hidden=\"true\"><\/i><\/div><div class=\"list_right\"><div class=\"desc\">Diritto del lavoro<br \/>\n<\/div><\/div><\/div>\n<div class=\"list_item lists_1 clearfix\"><div class=\"list_left list_icon\"><i class=\"icon-book\" aria-hidden=\"true\"><\/i><\/div><div class=\"list_right\"><div class=\"desc\">Diritto penale<br \/>\n<\/div><\/div><\/div>\n<div class=\"list_item lists_1 clearfix\"><div class=\"list_left list_icon\"><i class=\"icon-book\" aria-hidden=\"true\"><\/i><\/div><div class=\"list_right\"><div class=\"desc\">Diritto commerciale<br \/>\n<\/div><\/div><\/div>\n<div class=\"list_item lists_1 clearfix\"><div class=\"list_left list_icon\"><i class=\"icon-book\" aria-hidden=\"true\"><\/i><\/div><div class=\"list_right\"><div class=\"desc\">Diritto delle imprese Diritto fallimentare<br \/>\n<\/div><\/div><\/div>\n[\/vc_column][\/vc_row][vc_row][vc_column css=&#8221;.vc_custom_1447338715598{margin-top: -49px !important;padding-right: 20% !important;padding-left: 20% !important;}&#8221;][vc_custom_heading text=&#8221;Consulenza, Contenzioso e Arbitrato&#8221; font_container=&#8221;tag:h4|text_align:center&#8221; google_fonts=&#8221;font_family:Open%20Sans%3A300%2C300italic%2Cregular%2Citalic%2C600%2C600italic%2C700%2C700italic%2C800%2C800italic|font_style:600%20bold%20regular%3A600%3Anormal&#8221; css=&#8221;.vc_custom_1447238222934{padding-right: 20% !important;padding-left: 20% !important;}&#8221;][vc_custom_heading text=&#8221;Lo studio legale interviene davanti le giurisdizioni belga civili e commerciali.&#8221; font_container=&#8221;tag:h4|text_align:center&#8221; google_fonts=&#8221;font_family:Open%20Sans%3A300%2C300italic%2Cregular%2Citalic%2C600%2C600italic%2C700%2C700italic%2C800%2C800italic|font_style:300%20light%20regular%3A300%3Anormal&#8221; css=&#8221;.vc_custom_1447238240144{padding-right: 20% !important;padding-left: 20% !important;}&#8221;][vc_empty_space][vc_custom_heading text=&#8221;Privati&#8221; font_container=&#8221;tag:h4|text_align:center&#8221; google_fonts=&#8221;font_family:Open%20Sans%3A300%2C300italic%2Cregular%2Citalic%2C600%2C600italic%2C700%2C700italic%2C800%2C800italic|font_style:600%20bold%20regular%3A600%3Anormal&#8221; css=&#8221;.vc_custom_1447238300975{padding-right: 20% !important;padding-left: 20% !important;}&#8221;][vc_custom_heading text=&#8221;L&#8217;avv. Maria Mancuso assiste e consiglia le persone fisiche in materia di diritto civile (contrattuale, della famiglia,etc), diritto penale, diritto d&#8217;autore, responsabilit\u00e0 civile (medica).&#8221; font_container=&#8221;tag:h4|text_align:center&#8221; google_fonts=&#8221;font_family:Open%20Sans%3A300%2C300italic%2Cregular%2Citalic%2C600%2C600italic%2C700%2C700italic%2C800%2C800italic|font_style:300%20light%20regular%3A300%3Anormal&#8221; css=&#8221;.vc_custom_1447238313877{padding-right: 20% !important;padding-left: 20% !important;}&#8221;][vc_empty_space][vc_custom_heading text=&#8221;Imprese&#8221; font_container=&#8221;tag:h4|text_align:center&#8221; google_fonts=&#8221;font_family:Open%20Sans%3A300%2C300italic%2Cregular%2Citalic%2C600%2C600italic%2C700%2C700italic%2C800%2C800italic|font_style:600%20bold%20regular%3A600%3Anormal&#8221; css=&#8221;.vc_custom_1447238372658{padding-right: 20% !important;padding-left: 20% !important;}&#8221;][vc_custom_heading text=&#8221;L&#8217;avv. Mancuso assiste le imprese in diritto delle societ\u00e0, diritto della propriet\u00e0 industriale, diritto comunitario (circolazione delle merci, diritto della concorrenza), diritto dei contratti, contratti di distribuzione, responsabilit\u00e0 extracontrattuale, responsabilit\u00e0 di fatto del prodotto difettoso.&#8221; font_container=&#8221;tag:h4|text_align:center&#8221; google_fonts=&#8221;font_family:Open%20Sans%3A300%2C300italic%2Cregular%2Citalic%2C600%2C600italic%2C700%2C700italic%2C800%2C800italic|font_style:300%20light%20regular%3A300%3Anormal&#8221; css=&#8221;.vc_custom_1447238387600{padding-right: 20% !important;padding-left: 20% !important;}&#8221;][\/vc_column][\/vc_row]<\/p>\n<\/section>","protected":false},"excerpt":{"rendered":"<p>[vc_row el_class=&#8221;list1&#8243; css=&#8221;.vc_custom_1695316692755{padding-top: 40px !important;}&#8221;][vc_column el_class=&#8221;list2&#8243;][vc_custom_heading text=&#8221;ATTIVIT\u00c0&#8221; font_container=&#8221;tag:h2|text_align:center|color:%23222222&#8243; google_fonts=&#8221;font_family:Open%20Sans%3A300%2C300italic%2Cregular%2Citalic%2C600%2C600italic%2C700%2C700italic%2C800%2C800italic|font_style:600%20bold%20regular%3A600%3Anormal&#8221;][vc_custom_heading text=&#8221;I principali settori di attivit\u00e0 professionale dell\u2019avvocato Mancuso sono :&#8221; font_container=&#8221;tag:h4|text_align:center&#8221; google_fonts=&#8221;font_family:Open%20Sans%3A300%2C300italic%2Cregular%2Citalic%2C600%2C600italic%2C700%2C700italic%2C800%2C800italic|font_style:300%20light%20regular%3A300%3Anormal&#8221; css=&#8221;.vc_custom_1447238030353{padding-right: 20% !important;padding-left: 20% !important;}&#8221;][vc_empty_space<span class=\"excerpt-hellip\"> [\u2026]<\/span><\/p>\n","protected":false},"author":3,"featured_media":0,"parent":0,"menu_order":0,"comment_status":"closed","ping_status":"closed","template":"","meta":{"footnotes":""},"class_list":["post-2537","page","type-page","status-publish","hentry"],"yoast_head":"<!-- This site is optimized with the Yoast SEO plugin v26.3 - https:\/\/yoast.com\/wordpress\/plugins\/seo\/ -->\n<title>Maria mancuso | Cabinet d&#039;avocat \u00e0 Bruxelles, Cabinet d&#039;avocat \u00e0 Tubize, Avocat droit de commercial \u00e0 Bruxelles, Avocat droit du travail, Avocat Droit civil \u00e0 Tubize<\/title>\n<meta name=\"description\" content=\"Vous avez besoin d\u2019un professionnel du droit pour s\u2019occuper de vos affaires? Maria MANCUSO avocat professionnel de Droit civil, Droit de la famille et succession, Responsabilit\u00e9 civile, Droit de la circulation routi\u00e8re, Droit du travail, Droit p\u00e9nal, Droit commercial , Droit de la construction \u00e0 Bruxelles, tubize et ses environs\" \/>\n<meta name=\"robots\" content=\"index, follow, max-snippet:-1, max-image-preview:large, max-video-preview:-1\" \/>\n<link rel=\"canonical\" href=\"https:\/\/mancusoavocat.be\/it\/activites\/\" \/>\n<meta property=\"og:locale\" content=\"it_IT\" \/>\n<meta property=\"og:type\" content=\"article\" \/>\n<meta property=\"og:title\" content=\"Maria mancuso | Cabinet d&#039;avocat \u00e0 Bruxelles, Cabinet d&#039;avocat \u00e0 Tubize, Avocat droit de commercial \u00e0 Bruxelles, Avocat droit du travail, Avocat Droit civil \u00e0 Tubize\" \/>\n<meta property=\"og:description\" content=\"Vous avez besoin d\u2019un professionnel du droit pour s\u2019occuper de vos affaires? Maria MANCUSO avocat professionnel de Droit civil, Droit de la famille et succession, Responsabilit\u00e9 civile, Droit de la circulation routi\u00e8re, Droit du travail, Droit p\u00e9nal, Droit commercial , Droit de la construction \u00e0 Bruxelles, tubize et ses environs\" \/>\n<meta property=\"og:url\" content=\"https:\/\/mancusoavocat.be\/it\/activites\/\" \/>\n<meta property=\"og:site_name\" content=\"Maria Mancuso\" \/>\n<meta property=\"article:modified_time\" content=\"2023-09-21T17:18:18+00:00\" \/>\n<meta property=\"og:image\" content=\"https:\/\/mancusoavocat.be\/wp-content\/uploads\/2015\/11\/logosite.png\" \/>\n\t<meta property=\"og:image:width\" content=\"363\" \/>\n\t<meta property=\"og:image:height\" content=\"84\" \/>\n\t<meta property=\"og:image:type\" content=\"image\/png\" \/>\n<meta name=\"twitter:card\" content=\"summary_large_image\" \/>\n<meta name=\"twitter:label1\" content=\"Tempo di lettura stimato\" \/>\n\t<meta name=\"twitter:data1\" content=\"3 minuti\" \/>\n<script type=\"application\/ld+json\" class=\"yoast-schema-graph\">{\"@context\":\"https:\/\/schema.org\",\"@graph\":[{\"@type\":\"WebPage\",\"@id\":\"https:\/\/mancusoavocat.be\/it\/activites\/\",\"url\":\"https:\/\/mancusoavocat.be\/it\/activites\/\",\"name\":\"Maria mancuso | Cabinet d'avocat \u00e0 Bruxelles, Cabinet d'avocat \u00e0 Tubize, Avocat droit de commercial \u00e0 Bruxelles, Avocat droit du travail, Avocat Droit civil \u00e0 Tubize\",\"isPartOf\":{\"@id\":\"https:\/\/mancusoavocat.be\/nl\/#website\"},\"datePublished\":\"2015-11-10T10:20:08+00:00\",\"dateModified\":\"2023-09-21T17:18:18+00:00\",\"description\":\"Vous avez besoin d\u2019un professionnel du droit pour s\u2019occuper de vos affaires? Maria MANCUSO avocat professionnel de Droit civil, Droit de la famille et succession, Responsabilit\u00e9 civile, Droit de la circulation routi\u00e8re, Droit du travail, Droit p\u00e9nal, Droit commercial , Droit de la construction \u00e0 Bruxelles, tubize et ses environs\",\"breadcrumb\":{\"@id\":\"https:\/\/mancusoavocat.be\/it\/activites\/#breadcrumb\"},\"inLanguage\":\"it-IT\",\"potentialAction\":[{\"@type\":\"ReadAction\",\"target\":[\"https:\/\/mancusoavocat.be\/it\/activites\/\"]}]},{\"@type\":\"BreadcrumbList\",\"@id\":\"https:\/\/mancusoavocat.be\/it\/activites\/#breadcrumb\",\"itemListElement\":[{\"@type\":\"ListItem\",\"position\":1,\"name\":\"Accueil\",\"item\":\"https:\/\/mancusoavocat.be\/it\/home-version-2\/\"},{\"@type\":\"ListItem\",\"position\":2,\"name\":\"Attivit\u00e0\"}]},{\"@type\":\"WebSite\",\"@id\":\"https:\/\/mancusoavocat.be\/nl\/#website\",\"url\":\"https:\/\/mancusoavocat.be\/nl\/\",\"name\":\"Maria Mancuso\",\"description\":\"Avocat - Advocaat - Avvocato - Attorney at law\",\"publisher\":{\"@id\":\"https:\/\/mancusoavocat.be\/nl\/#organization\"},\"potentialAction\":[{\"@type\":\"SearchAction\",\"target\":{\"@type\":\"EntryPoint\",\"urlTemplate\":\"https:\/\/mancusoavocat.be\/nl\/?s={search_term_string}\"},\"query-input\":{\"@type\":\"PropertyValueSpecification\",\"valueRequired\":true,\"valueName\":\"search_term_string\"}}],\"inLanguage\":\"it-IT\"},{\"@type\":\"Organization\",\"@id\":\"https:\/\/mancusoavocat.be\/nl\/#organization\",\"name\":\"Maria Mancuso\",\"url\":\"https:\/\/mancusoavocat.be\/nl\/\",\"logo\":{\"@type\":\"ImageObject\",\"inLanguage\":\"it-IT\",\"@id\":\"https:\/\/mancusoavocat.be\/nl\/#\/schema\/logo\/image\/\",\"url\":\"https:\/\/mancusoavocat.be\/wp-content\/uploads\/2015\/11\/logosite.png\",\"contentUrl\":\"https:\/\/mancusoavocat.be\/wp-content\/uploads\/2015\/11\/logosite.png\",\"width\":363,\"height\":84,\"caption\":\"Maria Mancuso\"},\"image\":{\"@id\":\"https:\/\/mancusoavocat.be\/nl\/#\/schema\/logo\/image\/\"}}]}<\/script>\n<!-- \/ Yoast SEO plugin. -->","yoast_head_json":{"title":"Maria mancuso | Cabinet d'avocat \u00e0 Bruxelles, Cabinet d'avocat \u00e0 Tubize, Avocat droit de commercial \u00e0 Bruxelles, Avocat droit du travail, Avocat Droit civil \u00e0 Tubize","description":"Vous avez besoin d\u2019un professionnel du droit pour s\u2019occuper de vos affaires? Maria MANCUSO avocat professionnel de Droit civil, Droit de la famille et succession, Responsabilit\u00e9 civile, Droit de la circulation routi\u00e8re, Droit du travail, Droit p\u00e9nal, Droit commercial , Droit de la construction \u00e0 Bruxelles, tubize et ses environs","robots":{"index":"index","follow":"follow","max-snippet":"max-snippet:-1","max-image-preview":"max-image-preview:large","max-video-preview":"max-video-preview:-1"},"canonical":"https:\/\/mancusoavocat.be\/it\/activites\/","og_locale":"it_IT","og_type":"article","og_title":"Maria mancuso | Cabinet d'avocat \u00e0 Bruxelles, Cabinet d'avocat \u00e0 Tubize, Avocat droit de commercial \u00e0 Bruxelles, Avocat droit du travail, Avocat Droit civil \u00e0 Tubize","og_description":"Vous avez besoin d\u2019un professionnel du droit pour s\u2019occuper de vos affaires? Maria MANCUSO avocat professionnel de Droit civil, Droit de la famille et succession, Responsabilit\u00e9 civile, Droit de la circulation routi\u00e8re, Droit du travail, Droit p\u00e9nal, Droit commercial , Droit de la construction \u00e0 Bruxelles, tubize et ses environs","og_url":"https:\/\/mancusoavocat.be\/it\/activites\/","og_site_name":"Maria Mancuso","article_modified_time":"2023-09-21T17:18:18+00:00","og_image":[{"width":363,"height":84,"url":"https:\/\/mancusoavocat.be\/wp-content\/uploads\/2015\/11\/logosite.png","type":"image\/png"}],"twitter_card":"summary_large_image","twitter_misc":{"Tempo di lettura stimato":"3 minuti"},"schema":{"@context":"https:\/\/schema.org","@graph":[{"@type":"WebPage","@id":"https:\/\/mancusoavocat.be\/it\/activites\/","url":"https:\/\/mancusoavocat.be\/it\/activites\/","name":"Maria mancuso | Cabinet d'avocat \u00e0 Bruxelles, Cabinet d'avocat \u00e0 Tubize, Avocat droit de commercial \u00e0 Bruxelles, Avocat droit du travail, Avocat Droit civil \u00e0 Tubize","isPartOf":{"@id":"https:\/\/mancusoavocat.be\/nl\/#website"},"datePublished":"2015-11-10T10:20:08+00:00","dateModified":"2023-09-21T17:18:18+00:00","description":"Vous avez besoin d\u2019un professionnel du droit pour s\u2019occuper de vos affaires? Maria MANCUSO avocat professionnel de Droit civil, Droit de la famille et succession, Responsabilit\u00e9 civile, Droit de la circulation routi\u00e8re, Droit du travail, Droit p\u00e9nal, Droit commercial , Droit de la construction \u00e0 Bruxelles, tubize et ses environs","breadcrumb":{"@id":"https:\/\/mancusoavocat.be\/it\/activites\/#breadcrumb"},"inLanguage":"it-IT","potentialAction":[{"@type":"ReadAction","target":["https:\/\/mancusoavocat.be\/it\/activites\/"]}]},{"@type":"BreadcrumbList","@id":"https:\/\/mancusoavocat.be\/it\/activites\/#breadcrumb","itemListElement":[{"@type":"ListItem","position":1,"name":"Accueil","item":"https:\/\/mancusoavocat.be\/it\/home-version-2\/"},{"@type":"ListItem","position":2,"name":"Attivit\u00e0"}]},{"@type":"WebSite","@id":"https:\/\/mancusoavocat.be\/nl\/#website","url":"https:\/\/mancusoavocat.be\/nl\/","name":"Maria Mancuso","description":"Avocat - Advocaat - Avvocato - Attorney at law","publisher":{"@id":"https:\/\/mancusoavocat.be\/nl\/#organization"},"potentialAction":[{"@type":"SearchAction","target":{"@type":"EntryPoint","urlTemplate":"https:\/\/mancusoavocat.be\/nl\/?s={search_term_string}"},"query-input":{"@type":"PropertyValueSpecification","valueRequired":true,"valueName":"search_term_string"}}],"inLanguage":"it-IT"},{"@type":"Organization","@id":"https:\/\/mancusoavocat.be\/nl\/#organization","name":"Maria Mancuso","url":"https:\/\/mancusoavocat.be\/nl\/","logo":{"@type":"ImageObject","inLanguage":"it-IT","@id":"https:\/\/mancusoavocat.be\/nl\/#\/schema\/logo\/image\/","url":"https:\/\/mancusoavocat.be\/wp-content\/uploads\/2015\/11\/logosite.png","contentUrl":"https:\/\/mancusoavocat.be\/wp-content\/uploads\/2015\/11\/logosite.png","width":363,"height":84,"caption":"Maria Mancuso"},"image":{"@id":"https:\/\/mancusoavocat.be\/nl\/#\/schema\/logo\/image\/"}}]}},"_links":{"self":[{"href":"https:\/\/mancusoavocat.be\/it\/wp-json\/wp\/v2\/pages\/2537","targetHints":{"allow":["GET"]}}],"collection":[{"href":"https:\/\/mancusoavocat.be\/it\/wp-json\/wp\/v2\/pages"}],"about":[{"href":"https:\/\/mancusoavocat.be\/it\/wp-json\/wp\/v2\/types\/page"}],"author":[{"embeddable":true,"href":"https:\/\/mancusoavocat.be\/it\/wp-json\/wp\/v2\/users\/3"}],"replies":[{"embeddable":true,"href":"https:\/\/mancusoavocat.be\/it\/wp-json\/wp\/v2\/comments?post=2537"}],"version-history":[{"count":33,"href":"https:\/\/mancusoavocat.be\/it\/wp-json\/wp\/v2\/pages\/2537\/revisions"}],"predecessor-version":[{"id":3107,"href":"https:\/\/mancusoavocat.be\/it\/wp-json\/wp\/v2\/pages\/2537\/revisions\/3107"}],"wp:attachment":[{"href":"https:\/\/mancusoavocat.be\/it\/wp-json\/wp\/v2\/media?parent=2537"}],"curies":[{"name":"wp","href":"https:\/\/api.w.org\/{rel}","templated":true}]}}