{"id":2513,"date":"2015-04-06T09:51:16","date_gmt":"2015-04-06T09:51:16","guid":{"rendered":"http:\/\/mancusoavocat.be\/home-version-2\/?lang=nl"},"modified":"2023-09-21T18:22:05","modified_gmt":"2023-09-21T17:22:05","slug":"home-version-2","status":"publish","type":"page","link":"https:\/\/mancusoavocat.be\/nl\/","title":{"rendered":"Presentatie"},"content":{"rendered":"<section class=\"wpb-content-wrapper\"><p>[vc_row css=&#8221;.vc_custom_1695316920704{padding-top: 40px !important;}&#8221;][vc_column][vc_custom_heading text=&#8221;PRESENTATION&#8221; font_container=&#8221;tag:h2|text_align:center|color:%23222222&#8243; google_fonts=&#8221;font_family:Open%20Sans%3A300%2C300italic%2Cregular%2Citalic%2C600%2C600italic%2C700%2C700italic%2C800%2C800italic|font_style:600%20bold%20regular%3A600%3Anormal&#8221;][vc_column_text]<\/p>\n<p class=\"vc_custom_heading vc_custom_1447338012955\">Maria MANCUSO is advocaat aan de Balie van Brussel sinds 2008.<br \/>\nZe studeerde rechten aan de Universit\u00e9 catholique de Louvain.<br \/>\nMaria MANCUSO verleent diensten in verschillende rechtsdomeinen, en namelijk in burgerechtelijke zaken (huur, familierecht),\u00a0<a class=\"lien-custom\" href=\"https:\/\/web.archive.org\/web\/20200926014356\/http:\/\/mancusoavocat.be\/nl\/rechtsdomeinen\/\" target=\"_blank\" rel=\"noopener\">strafrechtelijke zaken\u00a0<\/a>en\u00a0<a class=\"lien-custom\" href=\"https:\/\/web.archive.org\/web\/20200926014356\/http:\/\/mancusoavocat.be\/nl\/rechtsdomeinen\/\" target=\"_blank\" rel=\"noopener\">handelsrechtelijke zaken<\/a>.<br \/>\nDe academische expertise gecombineerd met de jarenlange professionele ervaring zijn de waarborg van een professionele raadgeving aan de cli\u00ebnteel.<br \/>\nMaria MANCUSO biedt een effici\u00ebnte en volledige juridische dienstverlening tegen redelijke financi\u00eble voorwaarden.<br \/>\nMaria MANCUSO is zowel actief in geschillen, adviesverlening als in de begeleiding van transacties. Ze geeft voorkeur aan alternatieve methodes van geschillenbeslechting, bemiddeling en arbitrage.<br \/>\nZe beoefent haar professionele activiteiten in verschillende talen, en namelijk in het Frans, Nederlands, Italiaans en Engels.<\/p>\n<p>[\/vc_column_text][\/vc_column][\/vc_row][vc_row el_class=&#8221;list1&#8243;][vc_column css=&#8221;.vc_custom_1447149858752{padding-right: 20% !important;padding-left: 20% !important;}&#8221;][vc_custom_heading text=&#8221;Autres exp\u00e9riences :&#8221; font_container=&#8221;tag:h2|text_align:center|color:%23222222&#8243; google_fonts=&#8221;font_family:Open%20Sans%3A300%2C300italic%2Cregular%2Citalic%2C600%2C600italic%2C700%2C700italic%2C800%2C800italic|font_style:600%20bold%20regular%3A600%3Anormal&#8221;]<div class=\"list_item lists_1 clearfix\"><div class=\"list_left list_icon\"><i class=\"icon-star\" aria-hidden=\"true\"><\/i><\/div><div class=\"list_right\"><div class=\"desc\">Oratrice \u00e0 la Rentr\u00e9e solennelle du Barreau de Charleroi en 2008<br \/>\n<\/div><\/div><\/div>\n<div class=\"list_item lists_1 clearfix\"><div class=\"list_left list_icon\"><i class=\"icon-star\" aria-hidden=\"true\"><\/i><\/div><div class=\"list_right\"><div class=\"desc\">Erasmus \u00e0 la Vrije Universiteit van Brussel en 2008<br \/>\n<\/div><\/div><\/div>\n[\/vc_column][\/vc_row]<\/p>\n<\/section>","protected":false},"excerpt":{"rendered":"<p>[vc_row css=&#8221;.vc_custom_1695316920704{padding-top: 40px !important;}&#8221;][vc_column][vc_custom_heading text=&#8221;PRESENTATION&#8221; font_container=&#8221;tag:h2|text_align:center|color:%23222222&#8243; google_fonts=&#8221;font_family:Open%20Sans%3A300%2C300italic%2Cregular%2Citalic%2C600%2C600italic%2C700%2C700italic%2C800%2C800italic|font_style:600%20bold%20regular%3A600%3Anormal&#8221;][vc_column_text] Maria MANCUSO is advocaat aan de Balie van Brussel sinds 2008. Ze studeerde rechten aan de Universit\u00e9 catholique de<span class=\"excerpt-hellip\"> [\u2026]<\/span><\/p>\n","protected":false},"author":3,"featured_media":0,"parent":0,"menu_order":0,"comment_status":"open","ping_status":"closed","template":"","meta":{"footnotes":""},"class_list":["post-2513","page","type-page","status-publish","hentry"],"yoast_head":"<!-- This site is optimized with the Yoast SEO plugin v26.3 - https:\/\/yoast.com\/wordpress\/plugins\/seo\/ -->\n<title>Maria mancuso | Cabinet d&#039;avocat \u00e0 Bruxelles, Cabinet d&#039;avocat \u00e0 Tubize, Avocat droit de commercial \u00e0 Bruxelles, Avocat Droit civil \u00e0 Tubize<\/title>\n<meta name=\"description\" content=\"Confiez vos affaires \u00e0 Maria MANCUSO avocat professionnel de droit commercial et droit des personnes elle vous propose ses services et son exp\u00e9rience pour d\u00e9fendre vos int\u00e9r\u00eats \u00e0 Bruxelles, tubize et ses environs\" \/>\n<meta name=\"robots\" content=\"index, follow, max-snippet:-1, max-image-preview:large, max-video-preview:-1\" \/>\n<link rel=\"canonical\" href=\"https:\/\/mancusoavocat.be\/nl\/home-version-2\/\" \/>\n<meta property=\"og:locale\" content=\"nl_NL\" \/>\n<meta property=\"og:type\" content=\"article\" \/>\n<meta property=\"og:title\" content=\"Maria mancuso | Cabinet d&#039;avocat \u00e0 Bruxelles, Cabinet d&#039;avocat \u00e0 Tubize, Avocat droit de commercial \u00e0 Bruxelles, Avocat Droit civil \u00e0 Tubize\" \/>\n<meta property=\"og:description\" content=\"Confiez vos affaires \u00e0 Maria MANCUSO avocat professionnel de droit commercial et droit des personnes elle vous propose ses services et son exp\u00e9rience pour d\u00e9fendre vos int\u00e9r\u00eats \u00e0 Bruxelles, tubize et ses environs\" \/>\n<meta property=\"og:url\" content=\"https:\/\/mancusoavocat.be\/nl\/home-version-2\/\" \/>\n<meta property=\"og:site_name\" content=\"Maria Mancuso\" \/>\n<meta property=\"article:modified_time\" content=\"2023-09-21T17:22:05+00:00\" \/>\n<meta property=\"og:image\" content=\"https:\/\/mancusoavocat.be\/wp-content\/uploads\/2015\/11\/logosite.png\" \/>\n\t<meta property=\"og:image:width\" content=\"363\" \/>\n\t<meta property=\"og:image:height\" content=\"84\" \/>\n\t<meta property=\"og:image:type\" content=\"image\/png\" \/>\n<meta name=\"twitter:card\" content=\"summary_large_image\" \/>\n<meta name=\"twitter:label1\" content=\"Geschatte leestijd\" \/>\n\t<meta name=\"twitter:data1\" content=\"1 minuut\" \/>\n<script type=\"application\/ld+json\" class=\"yoast-schema-graph\">{\"@context\":\"https:\/\/schema.org\",\"@graph\":[{\"@type\":\"WebPage\",\"@id\":\"https:\/\/mancusoavocat.be\/nl\/home-version-2\/\",\"url\":\"https:\/\/mancusoavocat.be\/nl\/home-version-2\/\",\"name\":\"Maria mancuso | Cabinet d'avocat \u00e0 Bruxelles, Cabinet d'avocat \u00e0 Tubize, Avocat droit de commercial \u00e0 Bruxelles, Avocat Droit civil \u00e0 Tubize\",\"isPartOf\":{\"@id\":\"https:\/\/mancusoavocat.be\/nl\/#website\"},\"datePublished\":\"2015-04-06T09:51:16+00:00\",\"dateModified\":\"2023-09-21T17:22:05+00:00\",\"description\":\"Confiez vos affaires \u00e0 Maria MANCUSO avocat professionnel de droit commercial et droit des personnes elle vous propose ses services et son exp\u00e9rience pour d\u00e9fendre vos int\u00e9r\u00eats \u00e0 Bruxelles, tubize et ses environs\",\"breadcrumb\":{\"@id\":\"https:\/\/mancusoavocat.be\/nl\/home-version-2\/#breadcrumb\"},\"inLanguage\":\"nl-NL\",\"potentialAction\":[{\"@type\":\"ReadAction\",\"target\":[\"https:\/\/mancusoavocat.be\/nl\/home-version-2\/\"]}]},{\"@type\":\"BreadcrumbList\",\"@id\":\"https:\/\/mancusoavocat.be\/nl\/home-version-2\/#breadcrumb\",\"itemListElement\":[{\"@type\":\"ListItem\",\"position\":1,\"name\":\"Accueil\",\"item\":\"https:\/\/mancusoavocat.be\/nl\/home-version-2\/\"},{\"@type\":\"ListItem\",\"position\":2,\"name\":\"Presentatie\"}]},{\"@type\":\"WebSite\",\"@id\":\"https:\/\/mancusoavocat.be\/nl\/#website\",\"url\":\"https:\/\/mancusoavocat.be\/nl\/\",\"name\":\"Maria Mancuso\",\"description\":\"Avocat - Advocaat - Avvocato - Attorney at law\",\"publisher\":{\"@id\":\"https:\/\/mancusoavocat.be\/nl\/#organization\"},\"potentialAction\":[{\"@type\":\"SearchAction\",\"target\":{\"@type\":\"EntryPoint\",\"urlTemplate\":\"https:\/\/mancusoavocat.be\/nl\/?s={search_term_string}\"},\"query-input\":{\"@type\":\"PropertyValueSpecification\",\"valueRequired\":true,\"valueName\":\"search_term_string\"}}],\"inLanguage\":\"nl-NL\"},{\"@type\":\"Organization\",\"@id\":\"https:\/\/mancusoavocat.be\/nl\/#organization\",\"name\":\"Maria Mancuso\",\"url\":\"https:\/\/mancusoavocat.be\/nl\/\",\"logo\":{\"@type\":\"ImageObject\",\"inLanguage\":\"nl-NL\",\"@id\":\"https:\/\/mancusoavocat.be\/nl\/#\/schema\/logo\/image\/\",\"url\":\"https:\/\/mancusoavocat.be\/wp-content\/uploads\/2015\/11\/logosite.png\",\"contentUrl\":\"https:\/\/mancusoavocat.be\/wp-content\/uploads\/2015\/11\/logosite.png\",\"width\":363,\"height\":84,\"caption\":\"Maria Mancuso\"},\"image\":{\"@id\":\"https:\/\/mancusoavocat.be\/nl\/#\/schema\/logo\/image\/\"}}]}<\/script>\n<!-- \/ Yoast SEO plugin. -->","yoast_head_json":{"title":"Maria mancuso | Cabinet d'avocat \u00e0 Bruxelles, Cabinet d'avocat \u00e0 Tubize, Avocat droit de commercial \u00e0 Bruxelles, Avocat Droit civil \u00e0 Tubize","description":"Confiez vos affaires \u00e0 Maria MANCUSO avocat professionnel de droit commercial et droit des personnes elle vous propose ses services et son exp\u00e9rience pour d\u00e9fendre vos int\u00e9r\u00eats \u00e0 Bruxelles, tubize et ses environs","robots":{"index":"index","follow":"follow","max-snippet":"max-snippet:-1","max-image-preview":"max-image-preview:large","max-video-preview":"max-video-preview:-1"},"canonical":"https:\/\/mancusoavocat.be\/nl\/home-version-2\/","og_locale":"nl_NL","og_type":"article","og_title":"Maria mancuso | Cabinet d'avocat \u00e0 Bruxelles, Cabinet d'avocat \u00e0 Tubize, Avocat droit de commercial \u00e0 Bruxelles, Avocat Droit civil \u00e0 Tubize","og_description":"Confiez vos affaires \u00e0 Maria MANCUSO avocat professionnel de droit commercial et droit des personnes elle vous propose ses services et son exp\u00e9rience pour d\u00e9fendre vos int\u00e9r\u00eats \u00e0 Bruxelles, tubize et ses environs","og_url":"https:\/\/mancusoavocat.be\/nl\/home-version-2\/","og_site_name":"Maria Mancuso","article_modified_time":"2023-09-21T17:22:05+00:00","og_image":[{"width":363,"height":84,"url":"https:\/\/mancusoavocat.be\/wp-content\/uploads\/2015\/11\/logosite.png","type":"image\/png"}],"twitter_card":"summary_large_image","twitter_misc":{"Geschatte leestijd":"1 minuut"},"schema":{"@context":"https:\/\/schema.org","@graph":[{"@type":"WebPage","@id":"https:\/\/mancusoavocat.be\/nl\/home-version-2\/","url":"https:\/\/mancusoavocat.be\/nl\/home-version-2\/","name":"Maria mancuso | Cabinet d'avocat \u00e0 Bruxelles, Cabinet d'avocat \u00e0 Tubize, Avocat droit de commercial \u00e0 Bruxelles, Avocat Droit civil \u00e0 Tubize","isPartOf":{"@id":"https:\/\/mancusoavocat.be\/nl\/#website"},"datePublished":"2015-04-06T09:51:16+00:00","dateModified":"2023-09-21T17:22:05+00:00","description":"Confiez vos affaires \u00e0 Maria MANCUSO avocat professionnel de droit commercial et droit des personnes elle vous propose ses services et son exp\u00e9rience pour d\u00e9fendre vos int\u00e9r\u00eats \u00e0 Bruxelles, tubize et ses environs","breadcrumb":{"@id":"https:\/\/mancusoavocat.be\/nl\/home-version-2\/#breadcrumb"},"inLanguage":"nl-NL","potentialAction":[{"@type":"ReadAction","target":["https:\/\/mancusoavocat.be\/nl\/home-version-2\/"]}]},{"@type":"BreadcrumbList","@id":"https:\/\/mancusoavocat.be\/nl\/home-version-2\/#breadcrumb","itemListElement":[{"@type":"ListItem","position":1,"name":"Accueil","item":"https:\/\/mancusoavocat.be\/nl\/home-version-2\/"},{"@type":"ListItem","position":2,"name":"Presentatie"}]},{"@type":"WebSite","@id":"https:\/\/mancusoavocat.be\/nl\/#website","url":"https:\/\/mancusoavocat.be\/nl\/","name":"Maria Mancuso","description":"Avocat - Advocaat - Avvocato - Attorney at law","publisher":{"@id":"https:\/\/mancusoavocat.be\/nl\/#organization"},"potentialAction":[{"@type":"SearchAction","target":{"@type":"EntryPoint","urlTemplate":"https:\/\/mancusoavocat.be\/nl\/?s={search_term_string}"},"query-input":{"@type":"PropertyValueSpecification","valueRequired":true,"valueName":"search_term_string"}}],"inLanguage":"nl-NL"},{"@type":"Organization","@id":"https:\/\/mancusoavocat.be\/nl\/#organization","name":"Maria Mancuso","url":"https:\/\/mancusoavocat.be\/nl\/","logo":{"@type":"ImageObject","inLanguage":"nl-NL","@id":"https:\/\/mancusoavocat.be\/nl\/#\/schema\/logo\/image\/","url":"https:\/\/mancusoavocat.be\/wp-content\/uploads\/2015\/11\/logosite.png","contentUrl":"https:\/\/mancusoavocat.be\/wp-content\/uploads\/2015\/11\/logosite.png","width":363,"height":84,"caption":"Maria Mancuso"},"image":{"@id":"https:\/\/mancusoavocat.be\/nl\/#\/schema\/logo\/image\/"}}]}},"_links":{"self":[{"href":"https:\/\/mancusoavocat.be\/nl\/wp-json\/wp\/v2\/pages\/2513","targetHints":{"allow":["GET"]}}],"collection":[{"href":"https:\/\/mancusoavocat.be\/nl\/wp-json\/wp\/v2\/pages"}],"about":[{"href":"https:\/\/mancusoavocat.be\/nl\/wp-json\/wp\/v2\/types\/page"}],"author":[{"embeddable":true,"href":"https:\/\/mancusoavocat.be\/nl\/wp-json\/wp\/v2\/users\/3"}],"replies":[{"embeddable":true,"href":"https:\/\/mancusoavocat.be\/nl\/wp-json\/wp\/v2\/comments?post=2513"}],"version-history":[{"count":65,"href":"https:\/\/mancusoavocat.be\/nl\/wp-json\/wp\/v2\/pages\/2513\/revisions"}],"predecessor-version":[{"id":3112,"href":"https:\/\/mancusoavocat.be\/nl\/wp-json\/wp\/v2\/pages\/2513\/revisions\/3112"}],"wp:attachment":[{"href":"https:\/\/mancusoavocat.be\/nl\/wp-json\/wp\/v2\/media?parent=2513"}],"curies":[{"name":"wp","href":"https:\/\/api.w.org\/{rel}","templated":true}]}}