{"id":2536,"date":"2015-11-10T11:20:08","date_gmt":"2015-11-10T10:20:08","guid":{"rendered":"http:\/\/mancusoavocat.be\/activites\/?lang=nl"},"modified":"2023-09-21T18:27:20","modified_gmt":"2023-09-21T17:27:20","slug":"activites","status":"publish","type":"page","link":"https:\/\/mancusoavocat.be\/nl\/activites\/","title":{"rendered":"Rechtsdomeinen"},"content":{"rendered":"<section class=\"wpb-content-wrapper\"><p>[vc_row el_class=&#8221;list1&#8243; css=&#8221;.vc_custom_1695317233938{padding-top: 40px !important;}&#8221;][vc_column el_class=&#8221;list2&#8243;][vc_custom_heading text=&#8221;RECHTSDOMEINEN&#8221; font_container=&#8221;tag:h2|text_align:center|color:%23222222&#8243; google_fonts=&#8221;font_family:Open%20Sans%3A300%2C300italic%2Cregular%2Citalic%2C600%2C600italic%2C700%2C700italic%2C800%2C800italic|font_style:600%20bold%20regular%3A600%3Anormal&#8221;][vc_custom_heading text=&#8221;Ze beoefent haar professionele activiteiten in verschillende talen, en namelijk in het Frans, Nederlands, Italiaans en Engels.&#8221; font_container=&#8221;tag:h4|text_align:center&#8221; google_fonts=&#8221;font_family:Open%20Sans%3A300%2C300italic%2Cregular%2Citalic%2C600%2C600italic%2C700%2C700italic%2C800%2C800italic|font_style:300%20light%20regular%3A300%3Anormal&#8221; css=&#8221;.vc_custom_1447237653918{padding-right: 20% !important;padding-left: 20% !important;}&#8221;][vc_empty_space height=&#8221;15px&#8221;]<div class=\"list_item lists_1 clearfix\"><div class=\"list_left list_icon\"><i class=\"icon-book\" aria-hidden=\"true\"><\/i><\/div><div class=\"list_right\"><div class=\"desc\">Burgerlijke zaken, zoals huur<br \/>\n<\/div><\/div><\/div>\n<div class=\"list_item lists_1 clearfix\"><div class=\"list_left list_icon\"><i class=\"icon-book\" aria-hidden=\"true\"><\/i><\/div><div class=\"list_right\"><div class=\"desc\">Personen en familierecht (echtscheiding, erfrecht enz)<br \/>\n<\/div><\/div><\/div>\n<div class=\"list_item lists_1 clearfix\"><div class=\"list_left list_icon\"><i class=\"icon-book\" aria-hidden=\"true\"><\/i><\/div><div class=\"list_right\"><div class=\"desc\">Bouwproblemen<br \/>\n<\/div><\/div><\/div>\n<div class=\"list_item lists_1 clearfix\"><div class=\"list_left list_icon\"><i class=\"icon-book\" aria-hidden=\"true\"><\/i><\/div><div class=\"list_right\"><div class=\"desc\">Aansprakelijkheidsrecht<br \/>\n<\/div><\/div><\/div>\n<div class=\"list_item lists_1 clearfix\"><div class=\"list_left list_icon\"><i class=\"icon-book\" aria-hidden=\"true\"><\/i><\/div><div class=\"list_right\"><div class=\"desc\">Handelsrecht (faillissementsrecht, onderneming in moeilijkheden, enz)<br \/>\n<\/div><\/div><\/div>\n<div class=\"list_item lists_1 clearfix\"><div class=\"list_left list_icon\"><i class=\"icon-book\" aria-hidden=\"true\"><\/i><\/div><div class=\"list_right\"><div class=\"desc\">Consumentenrecht<br \/>\n<\/div><\/div><\/div>\n<div class=\"list_item lists_1 clearfix\"><div class=\"list_left list_icon\"><i class=\"icon-book\" aria-hidden=\"true\"><\/i><\/div><div class=\"list_right\"><div class=\"desc\">Strafrecht<\/div><\/div><\/div>\n<div class=\"list_item lists_1 clearfix\"><div class=\"list_left list_icon\"><i class=\"icon-book\" aria-hidden=\"true\"><\/i><\/div><div class=\"list_right\"><div class=\"desc\">Verkeer<\/div><\/div><\/div>\n<div class=\"list_item lists_1 clearfix\"><div class=\"list_left list_icon\"><i class=\"icon-book\" aria-hidden=\"true\"><\/i><\/div><div class=\"list_right\"><div class=\"desc\">Arbeidsrecht<\/div><\/div><\/div>\n<div class=\"list_item lists_1 clearfix\"><div class=\"list_left list_icon\"><i class=\"icon-book\" aria-hidden=\"true\"><\/i><\/div><div class=\"list_right\"><div class=\"desc\">Contracten<\/div><\/div><\/div>\n[\/vc_column][\/vc_row]<\/p>\n<\/section>","protected":false},"excerpt":{"rendered":"<p>[vc_row el_class=&#8221;list1&#8243; css=&#8221;.vc_custom_1695317233938{padding-top: 40px !important;}&#8221;][vc_column el_class=&#8221;list2&#8243;][vc_custom_heading text=&#8221;RECHTSDOMEINEN&#8221; font_container=&#8221;tag:h2|text_align:center|color:%23222222&#8243; google_fonts=&#8221;font_family:Open%20Sans%3A300%2C300italic%2Cregular%2Citalic%2C600%2C600italic%2C700%2C700italic%2C800%2C800italic|font_style:600%20bold%20regular%3A600%3Anormal&#8221;][vc_custom_heading text=&#8221;Ze beoefent haar professionele activiteiten in verschillende talen, en namelijk in het Frans, Nederlands, Italiaans en Engels.&#8221;<span class=\"excerpt-hellip\"> [\u2026]<\/span><\/p>\n","protected":false},"author":3,"featured_media":0,"parent":0,"menu_order":0,"comment_status":"closed","ping_status":"closed","template":"","meta":{"footnotes":""},"class_list":["post-2536","page","type-page","status-publish","hentry"],"yoast_head":"<!-- This site is optimized with the Yoast SEO plugin v26.3 - https:\/\/yoast.com\/wordpress\/plugins\/seo\/ -->\n<title>Maria mancuso | Cabinet d&#039;avocat \u00e0 Bruxelles, Cabinet d&#039;avocat \u00e0 Tubize, Avocat droit de commercial \u00e0 Bruxelles, Avocat droit du travail, Avocat Droit civil \u00e0 Tubize<\/title>\n<meta name=\"description\" content=\"Vous avez besoin d\u2019un professionnel du droit pour s\u2019occuper de vos affaires? Maria MANCUSO avocat professionnel de Droit civil, Droit de la famille et succession, Responsabilit\u00e9 civile, Droit de la circulation routi\u00e8re, Droit du travail, Droit p\u00e9nal, Droit commercial , Droit de la construction \u00e0 Bruxelles, tubize et ses environs\" \/>\n<meta name=\"robots\" content=\"index, follow, max-snippet:-1, max-image-preview:large, max-video-preview:-1\" \/>\n<link rel=\"canonical\" href=\"https:\/\/mancusoavocat.be\/nl\/activites\/\" \/>\n<meta property=\"og:locale\" content=\"nl_NL\" \/>\n<meta property=\"og:type\" content=\"article\" \/>\n<meta property=\"og:title\" content=\"Maria mancuso | Cabinet d&#039;avocat \u00e0 Bruxelles, Cabinet d&#039;avocat \u00e0 Tubize, Avocat droit de commercial \u00e0 Bruxelles, Avocat droit du travail, Avocat Droit civil \u00e0 Tubize\" \/>\n<meta property=\"og:description\" content=\"Vous avez besoin d\u2019un professionnel du droit pour s\u2019occuper de vos affaires? Maria MANCUSO avocat professionnel de Droit civil, Droit de la famille et succession, Responsabilit\u00e9 civile, Droit de la circulation routi\u00e8re, Droit du travail, Droit p\u00e9nal, Droit commercial , Droit de la construction \u00e0 Bruxelles, tubize et ses environs\" \/>\n<meta property=\"og:url\" content=\"https:\/\/mancusoavocat.be\/nl\/activites\/\" \/>\n<meta property=\"og:site_name\" content=\"Maria Mancuso\" \/>\n<meta property=\"article:modified_time\" content=\"2023-09-21T17:27:20+00:00\" \/>\n<meta property=\"og:image\" content=\"https:\/\/mancusoavocat.be\/wp-content\/uploads\/2015\/11\/logosite.png\" \/>\n\t<meta property=\"og:image:width\" content=\"363\" \/>\n\t<meta property=\"og:image:height\" content=\"84\" \/>\n\t<meta property=\"og:image:type\" content=\"image\/png\" \/>\n<meta name=\"twitter:card\" content=\"summary_large_image\" \/>\n<meta name=\"twitter:label1\" content=\"Geschatte leestijd\" \/>\n\t<meta name=\"twitter:data1\" content=\"1 minuut\" \/>\n<script type=\"application\/ld+json\" class=\"yoast-schema-graph\">{\"@context\":\"https:\/\/schema.org\",\"@graph\":[{\"@type\":\"WebPage\",\"@id\":\"https:\/\/mancusoavocat.be\/nl\/activites\/\",\"url\":\"https:\/\/mancusoavocat.be\/nl\/activites\/\",\"name\":\"Maria mancuso | Cabinet d'avocat \u00e0 Bruxelles, Cabinet d'avocat \u00e0 Tubize, Avocat droit de commercial \u00e0 Bruxelles, Avocat droit du travail, Avocat Droit civil \u00e0 Tubize\",\"isPartOf\":{\"@id\":\"https:\/\/mancusoavocat.be\/nl\/#website\"},\"datePublished\":\"2015-11-10T10:20:08+00:00\",\"dateModified\":\"2023-09-21T17:27:20+00:00\",\"description\":\"Vous avez besoin d\u2019un professionnel du droit pour s\u2019occuper de vos affaires? Maria MANCUSO avocat professionnel de Droit civil, Droit de la famille et succession, Responsabilit\u00e9 civile, Droit de la circulation routi\u00e8re, Droit du travail, Droit p\u00e9nal, Droit commercial , Droit de la construction \u00e0 Bruxelles, tubize et ses environs\",\"breadcrumb\":{\"@id\":\"https:\/\/mancusoavocat.be\/nl\/activites\/#breadcrumb\"},\"inLanguage\":\"nl-NL\",\"potentialAction\":[{\"@type\":\"ReadAction\",\"target\":[\"https:\/\/mancusoavocat.be\/nl\/activites\/\"]}]},{\"@type\":\"BreadcrumbList\",\"@id\":\"https:\/\/mancusoavocat.be\/nl\/activites\/#breadcrumb\",\"itemListElement\":[{\"@type\":\"ListItem\",\"position\":1,\"name\":\"Accueil\",\"item\":\"https:\/\/mancusoavocat.be\/nl\/home-version-2\/\"},{\"@type\":\"ListItem\",\"position\":2,\"name\":\"Rechtsdomeinen\"}]},{\"@type\":\"WebSite\",\"@id\":\"https:\/\/mancusoavocat.be\/nl\/#website\",\"url\":\"https:\/\/mancusoavocat.be\/nl\/\",\"name\":\"Maria Mancuso\",\"description\":\"Avocat - Advocaat - Avvocato - Attorney at law\",\"publisher\":{\"@id\":\"https:\/\/mancusoavocat.be\/nl\/#organization\"},\"potentialAction\":[{\"@type\":\"SearchAction\",\"target\":{\"@type\":\"EntryPoint\",\"urlTemplate\":\"https:\/\/mancusoavocat.be\/nl\/?s={search_term_string}\"},\"query-input\":{\"@type\":\"PropertyValueSpecification\",\"valueRequired\":true,\"valueName\":\"search_term_string\"}}],\"inLanguage\":\"nl-NL\"},{\"@type\":\"Organization\",\"@id\":\"https:\/\/mancusoavocat.be\/nl\/#organization\",\"name\":\"Maria Mancuso\",\"url\":\"https:\/\/mancusoavocat.be\/nl\/\",\"logo\":{\"@type\":\"ImageObject\",\"inLanguage\":\"nl-NL\",\"@id\":\"https:\/\/mancusoavocat.be\/nl\/#\/schema\/logo\/image\/\",\"url\":\"https:\/\/mancusoavocat.be\/wp-content\/uploads\/2015\/11\/logosite.png\",\"contentUrl\":\"https:\/\/mancusoavocat.be\/wp-content\/uploads\/2015\/11\/logosite.png\",\"width\":363,\"height\":84,\"caption\":\"Maria Mancuso\"},\"image\":{\"@id\":\"https:\/\/mancusoavocat.be\/nl\/#\/schema\/logo\/image\/\"}}]}<\/script>\n<!-- \/ Yoast SEO plugin. -->","yoast_head_json":{"title":"Maria mancuso | Cabinet d'avocat \u00e0 Bruxelles, Cabinet d'avocat \u00e0 Tubize, Avocat droit de commercial \u00e0 Bruxelles, Avocat droit du travail, Avocat Droit civil \u00e0 Tubize","description":"Vous avez besoin d\u2019un professionnel du droit pour s\u2019occuper de vos affaires? Maria MANCUSO avocat professionnel de Droit civil, Droit de la famille et succession, Responsabilit\u00e9 civile, Droit de la circulation routi\u00e8re, Droit du travail, Droit p\u00e9nal, Droit commercial , Droit de la construction \u00e0 Bruxelles, tubize et ses environs","robots":{"index":"index","follow":"follow","max-snippet":"max-snippet:-1","max-image-preview":"max-image-preview:large","max-video-preview":"max-video-preview:-1"},"canonical":"https:\/\/mancusoavocat.be\/nl\/activites\/","og_locale":"nl_NL","og_type":"article","og_title":"Maria mancuso | Cabinet d'avocat \u00e0 Bruxelles, Cabinet d'avocat \u00e0 Tubize, Avocat droit de commercial \u00e0 Bruxelles, Avocat droit du travail, Avocat Droit civil \u00e0 Tubize","og_description":"Vous avez besoin d\u2019un professionnel du droit pour s\u2019occuper de vos affaires? Maria MANCUSO avocat professionnel de Droit civil, Droit de la famille et succession, Responsabilit\u00e9 civile, Droit de la circulation routi\u00e8re, Droit du travail, Droit p\u00e9nal, Droit commercial , Droit de la construction \u00e0 Bruxelles, tubize et ses environs","og_url":"https:\/\/mancusoavocat.be\/nl\/activites\/","og_site_name":"Maria Mancuso","article_modified_time":"2023-09-21T17:27:20+00:00","og_image":[{"width":363,"height":84,"url":"https:\/\/mancusoavocat.be\/wp-content\/uploads\/2015\/11\/logosite.png","type":"image\/png"}],"twitter_card":"summary_large_image","twitter_misc":{"Geschatte leestijd":"1 minuut"},"schema":{"@context":"https:\/\/schema.org","@graph":[{"@type":"WebPage","@id":"https:\/\/mancusoavocat.be\/nl\/activites\/","url":"https:\/\/mancusoavocat.be\/nl\/activites\/","name":"Maria mancuso | Cabinet d'avocat \u00e0 Bruxelles, Cabinet d'avocat \u00e0 Tubize, Avocat droit de commercial \u00e0 Bruxelles, Avocat droit du travail, Avocat Droit civil \u00e0 Tubize","isPartOf":{"@id":"https:\/\/mancusoavocat.be\/nl\/#website"},"datePublished":"2015-11-10T10:20:08+00:00","dateModified":"2023-09-21T17:27:20+00:00","description":"Vous avez besoin d\u2019un professionnel du droit pour s\u2019occuper de vos affaires? Maria MANCUSO avocat professionnel de Droit civil, Droit de la famille et succession, Responsabilit\u00e9 civile, Droit de la circulation routi\u00e8re, Droit du travail, Droit p\u00e9nal, Droit commercial , Droit de la construction \u00e0 Bruxelles, tubize et ses environs","breadcrumb":{"@id":"https:\/\/mancusoavocat.be\/nl\/activites\/#breadcrumb"},"inLanguage":"nl-NL","potentialAction":[{"@type":"ReadAction","target":["https:\/\/mancusoavocat.be\/nl\/activites\/"]}]},{"@type":"BreadcrumbList","@id":"https:\/\/mancusoavocat.be\/nl\/activites\/#breadcrumb","itemListElement":[{"@type":"ListItem","position":1,"name":"Accueil","item":"https:\/\/mancusoavocat.be\/nl\/home-version-2\/"},{"@type":"ListItem","position":2,"name":"Rechtsdomeinen"}]},{"@type":"WebSite","@id":"https:\/\/mancusoavocat.be\/nl\/#website","url":"https:\/\/mancusoavocat.be\/nl\/","name":"Maria Mancuso","description":"Avocat - Advocaat - Avvocato - Attorney at law","publisher":{"@id":"https:\/\/mancusoavocat.be\/nl\/#organization"},"potentialAction":[{"@type":"SearchAction","target":{"@type":"EntryPoint","urlTemplate":"https:\/\/mancusoavocat.be\/nl\/?s={search_term_string}"},"query-input":{"@type":"PropertyValueSpecification","valueRequired":true,"valueName":"search_term_string"}}],"inLanguage":"nl-NL"},{"@type":"Organization","@id":"https:\/\/mancusoavocat.be\/nl\/#organization","name":"Maria Mancuso","url":"https:\/\/mancusoavocat.be\/nl\/","logo":{"@type":"ImageObject","inLanguage":"nl-NL","@id":"https:\/\/mancusoavocat.be\/nl\/#\/schema\/logo\/image\/","url":"https:\/\/mancusoavocat.be\/wp-content\/uploads\/2015\/11\/logosite.png","contentUrl":"https:\/\/mancusoavocat.be\/wp-content\/uploads\/2015\/11\/logosite.png","width":363,"height":84,"caption":"Maria Mancuso"},"image":{"@id":"https:\/\/mancusoavocat.be\/nl\/#\/schema\/logo\/image\/"}}]}},"_links":{"self":[{"href":"https:\/\/mancusoavocat.be\/nl\/wp-json\/wp\/v2\/pages\/2536","targetHints":{"allow":["GET"]}}],"collection":[{"href":"https:\/\/mancusoavocat.be\/nl\/wp-json\/wp\/v2\/pages"}],"about":[{"href":"https:\/\/mancusoavocat.be\/nl\/wp-json\/wp\/v2\/types\/page"}],"author":[{"embeddable":true,"href":"https:\/\/mancusoavocat.be\/nl\/wp-json\/wp\/v2\/users\/3"}],"replies":[{"embeddable":true,"href":"https:\/\/mancusoavocat.be\/nl\/wp-json\/wp\/v2\/comments?post=2536"}],"version-history":[{"count":20,"href":"https:\/\/mancusoavocat.be\/nl\/wp-json\/wp\/v2\/pages\/2536\/revisions"}],"predecessor-version":[{"id":3115,"href":"https:\/\/mancusoavocat.be\/nl\/wp-json\/wp\/v2\/pages\/2536\/revisions\/3115"}],"wp:attachment":[{"href":"https:\/\/mancusoavocat.be\/nl\/wp-json\/wp\/v2\/media?parent=2536"}],"curies":[{"name":"wp","href":"https:\/\/api.w.org\/{rel}","templated":true}]}}