{"id":2562,"date":"2015-11-10T11:49:45","date_gmt":"2015-11-10T10:49:45","guid":{"rendered":"http:\/\/mancusoavocat.be\/contact\/?lang=nl"},"modified":"2025-05-19T15:09:55","modified_gmt":"2025-05-19T14:09:55","slug":"contact-3","status":"publish","type":"page","link":"https:\/\/mancusoavocat.be\/nl\/contact-3\/","title":{"rendered":"Contact"},"content":{"rendered":"<section class=\"wpb-content-wrapper\"><p>[vc_row css=&#8221;.vc_custom_1695317405645{padding-top: 40px !important;}&#8221;][vc_column width=&#8221;1\/3&#8243;]<div class=\"list_item lists_1 clearfix\"><div class=\"list_left list_icon\"><i class=\"icon-location\" aria-hidden=\"true\"><\/i><\/div><div class=\"list_right\"><div class=\"desc\">Rue Souveraine, 95 1050 Bruxelles<br \/>\n<\/div><\/div><\/div>\n<div class=\"list_item lists_1 clearfix\"><div class=\"list_left list_icon\"><i class=\"icon-location\" aria-hidden=\"true\"><\/i><\/div><div class=\"list_right\"><div class=\"desc\">Rue de l&#8217;Alliance 29, 1480 Tubize<br \/>\n<\/div><\/div><\/div>\n<div class=\"list_item lists_1 clearfix\"><div class=\"list_left list_icon\"><i class=\"icon-phone\" aria-hidden=\"true\"><\/i><\/div><div class=\"list_right\"><div class=\"desc\">0476\/42.58.95<br \/>\n<\/div><\/div><\/div>\n<div class=\"list_item lists_1 clearfix\"><a href=\"mailto:mm@mancuso-avocat.be\" ><div class=\"list_left list_icon\"><i class=\"icon-mail\" aria-hidden=\"true\"><\/i><\/div><div class=\"list_right\"><div class=\"desc\">mm@mancuso-avocat.be<\/div><\/div><\/a><\/div>\n[\/vc_column][vc_column width=&#8221;2\/3&#8243;][vc_empty_space][vc_column_text][\/vc_column_text][\/vc_column][\/vc_row][vc_row full_width=&#8221;stretch_row_content_no_spaces&#8221; type=&#8221;full_width_content&#8221;][vc_column css=&#8221;.vc_custom_1447234014104{padding-top: 0px !important;padding-bottom: 20px !important;}&#8221;][vc_custom_heading text=&#8221;Rue Souveraine 95, 1050 BRUXELLES&#8221; font_container=&#8221;tag:h3|text_align:center|color:%23222222&#8243; google_fonts=&#8221;font_family:Open%20Sans%3A300%2C300italic%2Cregular%2Citalic%2C600%2C600italic%2C700%2C700italic%2C800%2C800italic|font_style:600%20bold%20regular%3A600%3Anormal&#8221;][vc_column_text]<iframe loading=\"lazy\" style=\"border: 0;\" src=\"https:\/\/www.google.com\/maps\/embed?pb=!1m18!1m12!1m3!1d2519.9928713693134!2d4.359765512365065!3d50.83129595975098!2m3!1f0!2f0!3f0!3m2!1i1024!2i768!4f13.1!3m3!1m2!1s0x47c3c48c07e3ee9f%3A0xe91c805e44ea29e4!2sRue%20Souveraine%2095%2C%201050%20Ixelles!5e0!3m2!1sfr!2sbe!4v1747663765876!5m2!1sfr!2sbe\" width=\"100%\" height=\"450\" allowfullscreen=\"allowfullscreen\"><\/iframe>[\/vc_column_text][\/vc_column][\/vc_row][vc_row full_width=&#8221;stretch_row_content_no_spaces&#8221; type=&#8221;full_width_content&#8221;][vc_column][vc_custom_heading text=&#8221;Rue de l&#8217;Alliance 29, 1480 Tubize&#8221; font_container=&#8221;tag:h3|text_align:center|color:%23222222&#8243; google_fonts=&#8221;font_family:Open%20Sans%3A300%2C300italic%2Cregular%2Citalic%2C600%2C600italic%2C700%2C700italic%2C800%2C800italic|font_style:600%20bold%20regular%3A600%3Anormal&#8221;][vc_column_text]<\/p>\n<p><iframe loading=\"lazy\" style=\"border: 0;\" src=\"https:\/\/www.google.com\/maps\/embed?pb=!1m14!1m8!1m3!1d5056.185215408419!2d4.225049!3d50.681106!3m2!1i1024!2i768!4f13.1!3m3!1m2!1s0x47c3ca2933ce2365%3A0xac0935ef34f8b961!2sRue%20de%20l'Alliance%2029%2C%201480%20Tubize%2C%20Belgique!5e0!3m2!1sfr!2sus!4v1695228933943!5m2!1sfr!2sus\" width=\"100%\" height=\"450\" allowfullscreen=\"allowfullscreen\"><\/iframe><\/p>\n<p>[\/vc_column_text][\/vc_column][\/vc_row]<\/p>\n<\/section>","protected":false},"excerpt":{"rendered":"<p>[vc_row css=&#8221;.vc_custom_1695317405645{padding-top: 40px !important;}&#8221;][vc_column width=&#8221;1\/3&#8243;][\/vc_column][vc_column width=&#8221;2\/3&#8243;][vc_empty_space][vc_column_text][\/vc_column_text][\/vc_column][\/vc_row][vc_row full_width=&#8221;stretch_row_content_no_spaces&#8221; type=&#8221;full_width_content&#8221;][vc_column css=&#8221;.vc_custom_1447234014104{padding-top: 0px !important;padding-bottom: 20px !important;}&#8221;][vc_custom_heading text=&#8221;Rue Souveraine 95, 1050 BRUXELLES&#8221; font_container=&#8221;tag:h3|text_align:center|color:%23222222&#8243; google_fonts=&#8221;font_family:Open%20Sans%3A300%2C300italic%2Cregular%2Citalic%2C600%2C600italic%2C700%2C700italic%2C800%2C800italic|font_style:600%20bold%20regular%3A600%3Anormal&#8221;][vc_column_text][\/vc_column_text][\/vc_column][\/vc_row][vc_row full_width=&#8221;stretch_row_content_no_spaces&#8221; type=&#8221;full_width_content&#8221;][vc_column][vc_custom_heading text=&#8221;Rue de l&#8217;Alliance 29,<span class=\"excerpt-hellip\"> [\u2026]<\/span><\/p>\n","protected":false},"author":3,"featured_media":0,"parent":0,"menu_order":0,"comment_status":"closed","ping_status":"closed","template":"","meta":{"footnotes":""},"class_list":["post-2562","page","type-page","status-publish","hentry"],"yoast_head":"<!-- This site is optimized with the Yoast SEO plugin v26.3 - https:\/\/yoast.com\/wordpress\/plugins\/seo\/ -->\n<title>Maria mancuso - Avocat droit de commercial \u00e0 Bruxelles<\/title>\n<meta name=\"description\" content=\"Posez toutes vos questions par t\u00e9l\u00e9phone ou via le formulaire. Je vous r\u00e9pondrai dans les meilleurs d\u00e9lais !\" \/>\n<meta name=\"robots\" content=\"index, follow, max-snippet:-1, max-image-preview:large, max-video-preview:-1\" \/>\n<link rel=\"canonical\" href=\"https:\/\/mancusoavocat.be\/nl\/contact-3\/\" \/>\n<meta property=\"og:locale\" content=\"nl_NL\" \/>\n<meta property=\"og:type\" content=\"article\" \/>\n<meta property=\"og:title\" content=\"Maria mancuso - Avocat droit de commercial \u00e0 Bruxelles\" \/>\n<meta property=\"og:description\" content=\"Posez toutes vos questions par t\u00e9l\u00e9phone ou via le formulaire. Je vous r\u00e9pondrai dans les meilleurs d\u00e9lais !\" \/>\n<meta property=\"og:url\" content=\"https:\/\/mancusoavocat.be\/nl\/contact-3\/\" \/>\n<meta property=\"og:site_name\" content=\"Maria Mancuso\" \/>\n<meta property=\"article:modified_time\" content=\"2025-05-19T14:09:55+00:00\" \/>\n<meta property=\"og:image\" content=\"https:\/\/mancusoavocat.be\/wp-content\/uploads\/2015\/11\/logosite.png\" \/>\n\t<meta property=\"og:image:width\" content=\"363\" \/>\n\t<meta property=\"og:image:height\" content=\"84\" \/>\n\t<meta property=\"og:image:type\" content=\"image\/png\" \/>\n<meta name=\"twitter:card\" content=\"summary_large_image\" \/>\n<meta name=\"twitter:label1\" content=\"Geschatte leestijd\" \/>\n\t<meta name=\"twitter:data1\" content=\"1 minuut\" \/>\n<script type=\"application\/ld+json\" class=\"yoast-schema-graph\">{\"@context\":\"https:\/\/schema.org\",\"@graph\":[{\"@type\":\"WebPage\",\"@id\":\"https:\/\/mancusoavocat.be\/nl\/contact-3\/\",\"url\":\"https:\/\/mancusoavocat.be\/nl\/contact-3\/\",\"name\":\"Maria mancuso - Avocat droit de commercial \u00e0 Bruxelles\",\"isPartOf\":{\"@id\":\"https:\/\/mancusoavocat.be\/nl\/#website\"},\"datePublished\":\"2015-11-10T10:49:45+00:00\",\"dateModified\":\"2025-05-19T14:09:55+00:00\",\"description\":\"Posez toutes vos questions par t\u00e9l\u00e9phone ou via le formulaire. Je vous r\u00e9pondrai dans les meilleurs d\u00e9lais !\",\"breadcrumb\":{\"@id\":\"https:\/\/mancusoavocat.be\/nl\/contact-3\/#breadcrumb\"},\"inLanguage\":\"nl-NL\",\"potentialAction\":[{\"@type\":\"ReadAction\",\"target\":[\"https:\/\/mancusoavocat.be\/nl\/contact-3\/\"]}]},{\"@type\":\"BreadcrumbList\",\"@id\":\"https:\/\/mancusoavocat.be\/nl\/contact-3\/#breadcrumb\",\"itemListElement\":[{\"@type\":\"ListItem\",\"position\":1,\"name\":\"Accueil\",\"item\":\"https:\/\/mancusoavocat.be\/nl\/home-version-2\/\"},{\"@type\":\"ListItem\",\"position\":2,\"name\":\"Contact\"}]},{\"@type\":\"WebSite\",\"@id\":\"https:\/\/mancusoavocat.be\/nl\/#website\",\"url\":\"https:\/\/mancusoavocat.be\/nl\/\",\"name\":\"Maria Mancuso\",\"description\":\"Avocat - Advocaat - Avvocato - Attorney at law\",\"publisher\":{\"@id\":\"https:\/\/mancusoavocat.be\/nl\/#organization\"},\"potentialAction\":[{\"@type\":\"SearchAction\",\"target\":{\"@type\":\"EntryPoint\",\"urlTemplate\":\"https:\/\/mancusoavocat.be\/nl\/?s={search_term_string}\"},\"query-input\":{\"@type\":\"PropertyValueSpecification\",\"valueRequired\":true,\"valueName\":\"search_term_string\"}}],\"inLanguage\":\"nl-NL\"},{\"@type\":\"Organization\",\"@id\":\"https:\/\/mancusoavocat.be\/nl\/#organization\",\"name\":\"Maria Mancuso\",\"url\":\"https:\/\/mancusoavocat.be\/nl\/\",\"logo\":{\"@type\":\"ImageObject\",\"inLanguage\":\"nl-NL\",\"@id\":\"https:\/\/mancusoavocat.be\/nl\/#\/schema\/logo\/image\/\",\"url\":\"https:\/\/mancusoavocat.be\/wp-content\/uploads\/2015\/11\/logosite.png\",\"contentUrl\":\"https:\/\/mancusoavocat.be\/wp-content\/uploads\/2015\/11\/logosite.png\",\"width\":363,\"height\":84,\"caption\":\"Maria Mancuso\"},\"image\":{\"@id\":\"https:\/\/mancusoavocat.be\/nl\/#\/schema\/logo\/image\/\"}}]}<\/script>\n<!-- \/ Yoast SEO plugin. -->","yoast_head_json":{"title":"Maria mancuso - Avocat droit de commercial \u00e0 Bruxelles","description":"Posez toutes vos questions par t\u00e9l\u00e9phone ou via le formulaire. Je vous r\u00e9pondrai dans les meilleurs d\u00e9lais !","robots":{"index":"index","follow":"follow","max-snippet":"max-snippet:-1","max-image-preview":"max-image-preview:large","max-video-preview":"max-video-preview:-1"},"canonical":"https:\/\/mancusoavocat.be\/nl\/contact-3\/","og_locale":"nl_NL","og_type":"article","og_title":"Maria mancuso - Avocat droit de commercial \u00e0 Bruxelles","og_description":"Posez toutes vos questions par t\u00e9l\u00e9phone ou via le formulaire. Je vous r\u00e9pondrai dans les meilleurs d\u00e9lais !","og_url":"https:\/\/mancusoavocat.be\/nl\/contact-3\/","og_site_name":"Maria Mancuso","article_modified_time":"2025-05-19T14:09:55+00:00","og_image":[{"width":363,"height":84,"url":"https:\/\/mancusoavocat.be\/wp-content\/uploads\/2015\/11\/logosite.png","type":"image\/png"}],"twitter_card":"summary_large_image","twitter_misc":{"Geschatte leestijd":"1 minuut"},"schema":{"@context":"https:\/\/schema.org","@graph":[{"@type":"WebPage","@id":"https:\/\/mancusoavocat.be\/nl\/contact-3\/","url":"https:\/\/mancusoavocat.be\/nl\/contact-3\/","name":"Maria mancuso - Avocat droit de commercial \u00e0 Bruxelles","isPartOf":{"@id":"https:\/\/mancusoavocat.be\/nl\/#website"},"datePublished":"2015-11-10T10:49:45+00:00","dateModified":"2025-05-19T14:09:55+00:00","description":"Posez toutes vos questions par t\u00e9l\u00e9phone ou via le formulaire. Je vous r\u00e9pondrai dans les meilleurs d\u00e9lais !","breadcrumb":{"@id":"https:\/\/mancusoavocat.be\/nl\/contact-3\/#breadcrumb"},"inLanguage":"nl-NL","potentialAction":[{"@type":"ReadAction","target":["https:\/\/mancusoavocat.be\/nl\/contact-3\/"]}]},{"@type":"BreadcrumbList","@id":"https:\/\/mancusoavocat.be\/nl\/contact-3\/#breadcrumb","itemListElement":[{"@type":"ListItem","position":1,"name":"Accueil","item":"https:\/\/mancusoavocat.be\/nl\/home-version-2\/"},{"@type":"ListItem","position":2,"name":"Contact"}]},{"@type":"WebSite","@id":"https:\/\/mancusoavocat.be\/nl\/#website","url":"https:\/\/mancusoavocat.be\/nl\/","name":"Maria Mancuso","description":"Avocat - Advocaat - Avvocato - Attorney at law","publisher":{"@id":"https:\/\/mancusoavocat.be\/nl\/#organization"},"potentialAction":[{"@type":"SearchAction","target":{"@type":"EntryPoint","urlTemplate":"https:\/\/mancusoavocat.be\/nl\/?s={search_term_string}"},"query-input":{"@type":"PropertyValueSpecification","valueRequired":true,"valueName":"search_term_string"}}],"inLanguage":"nl-NL"},{"@type":"Organization","@id":"https:\/\/mancusoavocat.be\/nl\/#organization","name":"Maria Mancuso","url":"https:\/\/mancusoavocat.be\/nl\/","logo":{"@type":"ImageObject","inLanguage":"nl-NL","@id":"https:\/\/mancusoavocat.be\/nl\/#\/schema\/logo\/image\/","url":"https:\/\/mancusoavocat.be\/wp-content\/uploads\/2015\/11\/logosite.png","contentUrl":"https:\/\/mancusoavocat.be\/wp-content\/uploads\/2015\/11\/logosite.png","width":363,"height":84,"caption":"Maria Mancuso"},"image":{"@id":"https:\/\/mancusoavocat.be\/nl\/#\/schema\/logo\/image\/"}}]}},"_links":{"self":[{"href":"https:\/\/mancusoavocat.be\/nl\/wp-json\/wp\/v2\/pages\/2562","targetHints":{"allow":["GET"]}}],"collection":[{"href":"https:\/\/mancusoavocat.be\/nl\/wp-json\/wp\/v2\/pages"}],"about":[{"href":"https:\/\/mancusoavocat.be\/nl\/wp-json\/wp\/v2\/types\/page"}],"author":[{"embeddable":true,"href":"https:\/\/mancusoavocat.be\/nl\/wp-json\/wp\/v2\/users\/3"}],"replies":[{"embeddable":true,"href":"https:\/\/mancusoavocat.be\/nl\/wp-json\/wp\/v2\/comments?post=2562"}],"version-history":[{"count":40,"href":"https:\/\/mancusoavocat.be\/nl\/wp-json\/wp\/v2\/pages\/2562\/revisions"}],"predecessor-version":[{"id":3142,"href":"https:\/\/mancusoavocat.be\/nl\/wp-json\/wp\/v2\/pages\/2562\/revisions\/3142"}],"wp:attachment":[{"href":"https:\/\/mancusoavocat.be\/nl\/wp-json\/wp\/v2\/media?parent=2562"}],"curies":[{"name":"wp","href":"https:\/\/api.w.org\/{rel}","templated":true}]}}